{"id":362,"date":"2022-12-27T09:15:52","date_gmt":"2022-12-27T09:15:52","guid":{"rendered":"https:\/\/rofinor.pt\/demo\/?page_id=362"},"modified":"2024-07-03T10:21:08","modified_gmt":"2024-07-03T10:21:08","slug":"sobre","status":"publish","type":"page","link":"https:\/\/rofinor.pt\/demo\/sobre\/","title":{"rendered":"Sobre"},"content":{"rendered":"\t\t<div data-elementor-type=\"wp-page\" data-elementor-id=\"362\" class=\"elementor elementor-362\">\n\t\t\t\t<div class=\"elementor-element elementor-element-34bde42 e-con-full e-flex e-con e-parent\" data-id=\"34bde42\" data-element_type=\"container\" data-settings=\"{&quot;background_background&quot;:&quot;classic&quot;}\">\n\t\t\t\t<div class=\"elementor-element elementor-element-be605a8 elementor-widget elementor-widget-heading\" data-id=\"be605a8\" data-element_type=\"widget\" data-widget_type=\"heading.default\">\n\t\t\t\t<div class=\"elementor-widget-container\">\n\t\t\t<h2 class=\"elementor-heading-title elementor-size-default\">Especialistas em <i>tecidos<\/i><\/h2>\t\t<\/div>\n\t\t\t\t<\/div>\n\t\t\t\t<\/div>\n\t\t<div class=\"elementor-element elementor-element-ef998ed e-con-full e-flex e-con e-parent\" data-id=\"ef998ed\" data-element_type=\"container\" data-settings=\"{&quot;shape_divider_bottom&quot;:&quot;tilt&quot;}\">\n\t\t\t\t<div class=\"elementor-shape elementor-shape-bottom\" data-negative=\"false\">\n\t\t\t<svg xmlns=\"http:\/\/www.w3.org\/2000\/svg\" viewBox=\"0 0 1000 100\" preserveAspectRatio=\"none\">\n\t<path class=\"elementor-shape-fill\" d=\"M0,6V0h1000v100L0,6z\"\/>\n<\/svg>\t\t<\/div>\n\t\t\t\t<div class=\"elementor-element elementor-element-d9af817 elementor-cta--layout-image-right elementor-cta--mobile-layout-image-above elementor-cta--valign-middle elementor-widget__width-initial elementor-cta--skin-classic elementor-animated-content elementor-widget elementor-widget-call-to-action\" data-id=\"d9af817\" data-element_type=\"widget\" data-widget_type=\"call-to-action.default\">\n\t\t\t\t<div class=\"elementor-widget-container\">\n\t\t\t\t\t<div class=\"elementor-cta\">\n\t\t\t\t\t\t\t<div class=\"elementor-cta__content\">\n\t\t\t\t\n\t\t\t\t<h2 class=\"elementor-cta__title elementor-cta__content-item elementor-content-item\">N\u00d3S SOMOS A ROFINOR<\/h2>\n\t\t\t\t\t\t\t\t\t<div class=\"elementor-cta__description elementor-cta__content-item elementor-content-item\">\n\t\t\t\t\t\tCom d\u00e9cadas de experi\u00eancia, a Rofinor \u00e9 uma empresa de tecidos sediada em Pa\u00e7os de Ferreira, Portugal.\n<br><br>\nSomos especialistas em t\u00eaxteis para uniformes de trabalho.\n<br><br>\nFocamo-nos em dar resposta \u00e0 demanda do mercado com uma sele\u00e7\u00e3o diversificada de tecidos resistentes, oferencendo tamb\u00e9m solu\u00e7\u00f5es competitivas.\n<br><br>\nCom um vasto conhecimento t\u00e9cnico e uma equipa experiente, conseguimos orientar e aconselhar com confian\u00e7a na escolha do tecido certo para as suas necessidades.\t\t\t\t\t<\/div>\n\t\t\t\t\n\t\t\t\t\t\t\t<\/div>\n\t\t\t\t\t\t<\/div>\n\t\t\t\t<\/div>\n\t\t\t\t<\/div>\n\t\t\t\t<div class=\"elementor-element elementor-element-50f5a1e elementor-widget elementor-widget-video\" data-id=\"50f5a1e\" data-element_type=\"widget\" data-settings=\"{&quot;youtube_url&quot;:&quot;https:\\\/\\\/www.youtube.com\\\/watch?v=ka9CGiclOJY&quot;,&quot;autoplay&quot;:&quot;yes&quot;,&quot;mute&quot;:&quot;yes&quot;,&quot;video_type&quot;:&quot;youtube&quot;,&quot;controls&quot;:&quot;yes&quot;}\" data-widget_type=\"video.default\">\n\t\t\t\t<div class=\"elementor-widget-container\">\n\t\t\t\t\t<div class=\"elementor-wrapper elementor-open-inline\">\n\t\t\t<div class=\"elementor-video\"><\/div>\t\t<\/div>\n\t\t\t\t<\/div>\n\t\t\t\t<\/div>\n\t\t\t\t<\/div>\n\t\t<div class=\"elementor-element elementor-element-c98eecd e-con-full e-flex e-con e-parent\" data-id=\"c98eecd\" data-element_type=\"container\">\n\t\t\t\t<div class=\"elementor-element elementor-element-8bef519 elementor-widget elementor-widget-counter\" data-id=\"8bef519\" data-element_type=\"widget\" data-widget_type=\"counter.default\">\n\t\t\t\t<div class=\"elementor-widget-container\">\n\t\t\t\t\t<div class=\"elementor-counter\">\n\t\t\t<p class=\"elementor-counter-title\">PA\u00cdSES<\/p>\t\t\t<div class=\"elementor-counter-number-wrapper\">\n\t\t\t\t<span class=\"elementor-counter-number-prefix\"><\/span>\n\t\t\t\t<span class=\"elementor-counter-number\" data-duration=\"2000\" data-to-value=\"30\" data-from-value=\"0\" data-delimiter=\",\">0<\/span>\n\t\t\t\t<span class=\"elementor-counter-number-suffix\">+<\/span>\n\t\t\t<\/div>\n\t\t<\/div>\n\t\t\t\t<\/div>\n\t\t\t\t<\/div>\n\t\t\t\t<div class=\"elementor-element elementor-element-2cb5c4d elementor-widget elementor-widget-text-editor\" data-id=\"2cb5c4d\" data-element_type=\"widget\" data-widget_type=\"text-editor.default\">\n\t\t\t\t<div class=\"elementor-widget-container\">\n\t\t\t\t\t\t\tApoiamos marcas e empresas por todo o mundo,<br> exportando para mais de 30 pa\u00edses.\t\t\t\t\t\t<\/div>\n\t\t\t\t<\/div>\n\t\t\t\t<\/div>\n\t\t<div class=\"elementor-element elementor-element-fb9a397 e-con-full e-flex e-con e-parent\" data-id=\"fb9a397\" data-element_type=\"container\" data-settings=\"{&quot;background_background&quot;:&quot;classic&quot;,&quot;shape_divider_top&quot;:&quot;tilt&quot;}\">\n\t\t\t\t<div class=\"elementor-shape elementor-shape-top\" data-negative=\"false\">\n\t\t\t<svg xmlns=\"http:\/\/www.w3.org\/2000\/svg\" viewBox=\"0 0 1000 100\" preserveAspectRatio=\"none\">\n\t<path class=\"elementor-shape-fill\" d=\"M0,6V0h1000v100L0,6z\"\/>\n<\/svg>\t\t<\/div>\n\t\t\t\t<div class=\"elementor-element elementor-element-2032954 animated-slow elementor-invisible elementor-widget elementor-widget-heading\" data-id=\"2032954\" data-element_type=\"widget\" data-settings=\"{&quot;_animation&quot;:&quot;slideInUp&quot;}\" data-widget_type=\"heading.default\">\n\t\t\t\t<div class=\"elementor-widget-container\">\n\t\t\t<h2 class=\"elementor-heading-title elementor-size-default\">Os nossos tecidos refletem o compromisso com <br>qualidade, gama de cores e diversidade.<\/h2>\t\t<\/div>\n\t\t\t\t<\/div>\n\t\t\t\t<\/div>\n\t\t<div class=\"elementor-element elementor-element-3d500b7 e-con-full e-flex e-con e-parent\" data-id=\"3d500b7\" data-element_type=\"container\">\n\t\t\t\t<div class=\"elementor-element elementor-element-68bc28b elementor-cta--layout-image-left elementor-cta--mobile-layout-image-above elementor-cta--valign-middle elementor-cta--skin-classic elementor-animated-content elementor-widget elementor-widget-call-to-action\" data-id=\"68bc28b\" data-element_type=\"widget\" data-widget_type=\"call-to-action.default\">\n\t\t\t\t<div class=\"elementor-widget-container\">\n\t\t\t\t\t<div class=\"elementor-cta\">\n\t\t\t\t\t<div class=\"elementor-cta__bg-wrapper\">\n\t\t\t\t<div class=\"elementor-cta__bg elementor-bg\" style=\"background-image: url(https:\/\/rofinor.pt\/demo\/wp-content\/uploads\/2024\/04\/quality_rofinor_test.webp);\"><\/div>\n\t\t\t\t<div class=\"elementor-cta__bg-overlay\"><\/div>\n\t\t\t<\/div>\n\t\t\t\t\t\t\t<div class=\"elementor-cta__content\">\n\t\t\t\t\n\t\t\t\t<h2 class=\"elementor-cta__title elementor-cta__content-item elementor-content-item\">A QUALIDADE DOS NOSSOS TECIDOS<\/h2>\n\t\t\t\t\t\t\t\t\t<div class=\"elementor-cta__description elementor-cta__content-item elementor-content-item\">\n\t\t\t\t\t\tAsseguramos a qualidade dos nossos tecidos atrav\u00e9s de v\u00e1rios testes de laborat\u00f3rio, internos ou externos, feitos por pessoas qualificadas que garantem resultados precisos.\n<br><br>\nNo comportamento f\u00edsico do tecido analisamos a resist\u00eancia \u00e0 tra\u00e7\u00e3o, \u00e0 fric\u00e7\u00e3o, a estabilidade dimensional e o pilling.\n<br><br>\nOs n\u00edveis de qualidade da cor s\u00e3o minuciosamente controlados atrav\u00e9s de testes espec\u00edficos \u00e0 sua solidez na fric\u00e7\u00e3o, nas diferentes lavagens, e na sua padroniza\u00e7\u00e3o.\t\t\t\t\t<\/div>\n\t\t\t\t\n\t\t\t\t\t\t\t<\/div>\n\t\t\t\t\t\t<\/div>\n\t\t\t\t<\/div>\n\t\t\t\t<\/div>\n\t\t\t\t<div class=\"elementor-element elementor-element-7eb3c46 elementor-position-right elementor-vertical-align-middle elementor-position-right elementor-vertical-align-middle elementor-widget elementor-widget-image-box\" data-id=\"7eb3c46\" data-element_type=\"widget\" data-widget_type=\"image-box.default\">\n\t\t\t\t<div class=\"elementor-widget-container\">\n\t\t\t<div class=\"elementor-image-box-wrapper\"><figure class=\"elementor-image-box-img\"><img decoding=\"async\" width=\"200\" height=\"240\" src=\"data:image\/gif;base64,R0lGODlhAQABAIAAAAAAAP\/\/\/yH5BAEAAAAALAAAAAABAAEAAAIBRAA7\" data-src=\"https:\/\/rofinor.pt\/demo\/wp-content\/uploads\/2024\/04\/oekotex_standard.webp\" class=\"attachment-full size-full wp-image-13937 lazyload\" alt=\"\" \/><noscript><img decoding=\"async\" width=\"200\" height=\"240\" src=\"https:\/\/rofinor.pt\/demo\/wp-content\/uploads\/2024\/04\/oekotex_standard.webp\" class=\"attachment-full size-full wp-image-13937 lazyload\" alt=\"\" \/><\/noscript><\/figure><div class=\"elementor-image-box-content\"><h3 class=\"elementor-image-box-title\">CERTIFICA\u00c7\u00c3O<\/h3><p class=\"elementor-image-box-description\">Todos os nossos tecidos est\u00e3o certificados com OEKO-TEX, garantindo que durante o fabrico n\u00e3o foram utilizadas subst\u00e2ncias ou produtos qu\u00edmicos nocivos para o ser humano ou para o ambiente.<\/p><\/div><\/div>\t\t<\/div>\n\t\t\t\t<\/div>\n\t\t\t\t<\/div>\n\t\t\t\t<\/div>\n\t\t","protected":false},"excerpt":{"rendered":"<p>Especialistas em tecidos N\u00d3S SOMOS A ROFINOR Com d\u00e9cadas de experi\u00eancia, a Rofinor \u00e9 uma empresa de tecidos sediada em Pa\u00e7os de Ferreira, Portugal. Somos especialistas em t\u00eaxteis para uniformes de trabalho. Focamo-nos em dar resposta \u00e0 demanda do mercado com uma sele\u00e7\u00e3o diversificada de tecidos resistentes, oferencendo tamb\u00e9m solu\u00e7\u00f5es competitivas. Com um vasto conhecimento [&hellip;]<\/p>\n","protected":false},"author":1,"featured_media":0,"parent":0,"menu_order":0,"comment_status":"closed","ping_status":"closed","template":"elementor_header_footer","meta":{"_acf_changed":false,"footnotes":""},"class_list":["post-362","page","type-page","status-publish","hentry"],"acf":[],"yoast_head":"<!-- This site is optimized with the Yoast SEO plugin v24.0 - https:\/\/yoast.com\/wordpress\/plugins\/seo\/ -->\n<title>Sobre - Rofinor<\/title>\n<meta name=\"robots\" content=\"index, follow, max-snippet:-1, max-image-preview:large, max-video-preview:-1\" \/>\n<link rel=\"canonical\" href=\"https:\/\/rofinor.pt\/demo\/sobre\/\" \/>\n<meta property=\"og:locale\" content=\"pt_PT\" \/>\n<meta property=\"og:type\" content=\"article\" \/>\n<meta property=\"og:title\" content=\"Sobre - Rofinor\" \/>\n<meta property=\"og:description\" content=\"Especialistas em tecidos N\u00d3S SOMOS A ROFINOR Com d\u00e9cadas de experi\u00eancia, a Rofinor \u00e9 uma empresa de tecidos sediada em Pa\u00e7os de Ferreira, Portugal. Somos especialistas em t\u00eaxteis para uniformes de trabalho. Focamo-nos em dar resposta \u00e0 demanda do mercado com uma sele\u00e7\u00e3o diversificada de tecidos resistentes, oferencendo tamb\u00e9m solu\u00e7\u00f5es competitivas. Com um vasto conhecimento [&hellip;]\" \/>\n<meta property=\"og:url\" content=\"https:\/\/rofinor.pt\/demo\/sobre\/\" \/>\n<meta property=\"og:site_name\" content=\"Rofinor\" \/>\n<meta property=\"article:modified_time\" content=\"2024-07-03T10:21:08+00:00\" \/>\n<meta property=\"og:image\" content=\"https:\/\/rofinor.pt\/demo\/wp-content\/uploads\/2024\/04\/oekotex_standard.webp\" \/>\n<meta name=\"twitter:card\" content=\"summary_large_image\" \/>\n<meta name=\"twitter:label1\" content=\"Tempo estimado de leitura\" \/>\n\t<meta name=\"twitter:data1\" content=\"2 minutos\" \/>\n<script type=\"application\/ld+json\" class=\"yoast-schema-graph\">{\"@context\":\"https:\/\/schema.org\",\"@graph\":[{\"@type\":\"WebPage\",\"@id\":\"https:\/\/rofinor.pt\/demo\/sobre\/\",\"url\":\"https:\/\/rofinor.pt\/demo\/sobre\/\",\"name\":\"Sobre - Rofinor\",\"isPartOf\":{\"@id\":\"https:\/\/rofinor.pt\/demo\/#website\"},\"primaryImageOfPage\":{\"@id\":\"https:\/\/rofinor.pt\/demo\/sobre\/#primaryimage\"},\"image\":{\"@id\":\"https:\/\/rofinor.pt\/demo\/sobre\/#primaryimage\"},\"thumbnailUrl\":\"https:\/\/rofinor.pt\/demo\/wp-content\/uploads\/2024\/04\/oekotex_standard.webp\",\"datePublished\":\"2022-12-27T09:15:52+00:00\",\"dateModified\":\"2024-07-03T10:21:08+00:00\",\"breadcrumb\":{\"@id\":\"https:\/\/rofinor.pt\/demo\/sobre\/#breadcrumb\"},\"inLanguage\":\"pt-PT\",\"potentialAction\":[{\"@type\":\"ReadAction\",\"target\":[\"https:\/\/rofinor.pt\/demo\/sobre\/\"]}]},{\"@type\":\"ImageObject\",\"inLanguage\":\"pt-PT\",\"@id\":\"https:\/\/rofinor.pt\/demo\/sobre\/#primaryimage\",\"url\":\"https:\/\/rofinor.pt\/demo\/wp-content\/uploads\/2024\/04\/oekotex_standard.webp\",\"contentUrl\":\"https:\/\/rofinor.pt\/demo\/wp-content\/uploads\/2024\/04\/oekotex_standard.webp\",\"width\":200,\"height\":240},{\"@type\":\"BreadcrumbList\",\"@id\":\"https:\/\/rofinor.pt\/demo\/sobre\/#breadcrumb\",\"itemListElement\":[{\"@type\":\"ListItem\",\"position\":1,\"name\":\"In\u00edcio\",\"item\":\"https:\/\/rofinor.pt\/demo\/\"},{\"@type\":\"ListItem\",\"position\":2,\"name\":\"Sobre\"}]},{\"@type\":\"WebSite\",\"@id\":\"https:\/\/rofinor.pt\/demo\/#website\",\"url\":\"https:\/\/rofinor.pt\/demo\/\",\"name\":\"Rofinor\",\"description\":\"Tecidos para Workwear\",\"publisher\":{\"@id\":\"https:\/\/rofinor.pt\/demo\/#organization\"},\"potentialAction\":[{\"@type\":\"SearchAction\",\"target\":{\"@type\":\"EntryPoint\",\"urlTemplate\":\"https:\/\/rofinor.pt\/demo\/?s={search_term_string}\"},\"query-input\":{\"@type\":\"PropertyValueSpecification\",\"valueRequired\":true,\"valueName\":\"search_term_string\"}}],\"inLanguage\":\"pt-PT\"},{\"@type\":\"Organization\",\"@id\":\"https:\/\/rofinor.pt\/demo\/#organization\",\"name\":\"Rofinor\",\"url\":\"https:\/\/rofinor.pt\/demo\/\",\"logo\":{\"@type\":\"ImageObject\",\"inLanguage\":\"pt-PT\",\"@id\":\"https:\/\/rofinor.pt\/demo\/#\/schema\/logo\/image\/\",\"url\":\"https:\/\/rofinor.pt\/demo\/wp-content\/uploads\/2024\/04\/logo_rofinor_228x48_.webp\",\"contentUrl\":\"https:\/\/rofinor.pt\/demo\/wp-content\/uploads\/2024\/04\/logo_rofinor_228x48_.webp\",\"width\":228,\"height\":48,\"caption\":\"Rofinor\"},\"image\":{\"@id\":\"https:\/\/rofinor.pt\/demo\/#\/schema\/logo\/image\/\"}}]}<\/script>\n<!-- \/ Yoast SEO plugin. -->","yoast_head_json":{"title":"Sobre - Rofinor","robots":{"index":"index","follow":"follow","max-snippet":"max-snippet:-1","max-image-preview":"max-image-preview:large","max-video-preview":"max-video-preview:-1"},"canonical":"https:\/\/rofinor.pt\/demo\/sobre\/","og_locale":"pt_PT","og_type":"article","og_title":"Sobre - Rofinor","og_description":"Especialistas em tecidos N\u00d3S SOMOS A ROFINOR Com d\u00e9cadas de experi\u00eancia, a Rofinor \u00e9 uma empresa de tecidos sediada em Pa\u00e7os de Ferreira, Portugal. Somos especialistas em t\u00eaxteis para uniformes de trabalho. Focamo-nos em dar resposta \u00e0 demanda do mercado com uma sele\u00e7\u00e3o diversificada de tecidos resistentes, oferencendo tamb\u00e9m solu\u00e7\u00f5es competitivas. Com um vasto conhecimento [&hellip;]","og_url":"https:\/\/rofinor.pt\/demo\/sobre\/","og_site_name":"Rofinor","article_modified_time":"2024-07-03T10:21:08+00:00","og_image":[{"url":"https:\/\/rofinor.pt\/demo\/wp-content\/uploads\/2024\/04\/oekotex_standard.webp","type":"","width":"","height":""}],"twitter_card":"summary_large_image","twitter_misc":{"Tempo estimado de leitura":"2 minutos"},"schema":{"@context":"https:\/\/schema.org","@graph":[{"@type":"WebPage","@id":"https:\/\/rofinor.pt\/demo\/sobre\/","url":"https:\/\/rofinor.pt\/demo\/sobre\/","name":"Sobre - Rofinor","isPartOf":{"@id":"https:\/\/rofinor.pt\/demo\/#website"},"primaryImageOfPage":{"@id":"https:\/\/rofinor.pt\/demo\/sobre\/#primaryimage"},"image":{"@id":"https:\/\/rofinor.pt\/demo\/sobre\/#primaryimage"},"thumbnailUrl":"https:\/\/rofinor.pt\/demo\/wp-content\/uploads\/2024\/04\/oekotex_standard.webp","datePublished":"2022-12-27T09:15:52+00:00","dateModified":"2024-07-03T10:21:08+00:00","breadcrumb":{"@id":"https:\/\/rofinor.pt\/demo\/sobre\/#breadcrumb"},"inLanguage":"pt-PT","potentialAction":[{"@type":"ReadAction","target":["https:\/\/rofinor.pt\/demo\/sobre\/"]}]},{"@type":"ImageObject","inLanguage":"pt-PT","@id":"https:\/\/rofinor.pt\/demo\/sobre\/#primaryimage","url":"https:\/\/rofinor.pt\/demo\/wp-content\/uploads\/2024\/04\/oekotex_standard.webp","contentUrl":"https:\/\/rofinor.pt\/demo\/wp-content\/uploads\/2024\/04\/oekotex_standard.webp","width":200,"height":240},{"@type":"BreadcrumbList","@id":"https:\/\/rofinor.pt\/demo\/sobre\/#breadcrumb","itemListElement":[{"@type":"ListItem","position":1,"name":"In\u00edcio","item":"https:\/\/rofinor.pt\/demo\/"},{"@type":"ListItem","position":2,"name":"Sobre"}]},{"@type":"WebSite","@id":"https:\/\/rofinor.pt\/demo\/#website","url":"https:\/\/rofinor.pt\/demo\/","name":"Rofinor","description":"Tecidos para Workwear","publisher":{"@id":"https:\/\/rofinor.pt\/demo\/#organization"},"potentialAction":[{"@type":"SearchAction","target":{"@type":"EntryPoint","urlTemplate":"https:\/\/rofinor.pt\/demo\/?s={search_term_string}"},"query-input":{"@type":"PropertyValueSpecification","valueRequired":true,"valueName":"search_term_string"}}],"inLanguage":"pt-PT"},{"@type":"Organization","@id":"https:\/\/rofinor.pt\/demo\/#organization","name":"Rofinor","url":"https:\/\/rofinor.pt\/demo\/","logo":{"@type":"ImageObject","inLanguage":"pt-PT","@id":"https:\/\/rofinor.pt\/demo\/#\/schema\/logo\/image\/","url":"https:\/\/rofinor.pt\/demo\/wp-content\/uploads\/2024\/04\/logo_rofinor_228x48_.webp","contentUrl":"https:\/\/rofinor.pt\/demo\/wp-content\/uploads\/2024\/04\/logo_rofinor_228x48_.webp","width":228,"height":48,"caption":"Rofinor"},"image":{"@id":"https:\/\/rofinor.pt\/demo\/#\/schema\/logo\/image\/"}}]}},"_links":{"self":[{"href":"https:\/\/rofinor.pt\/demo\/wp-json\/wp\/v2\/pages\/362","targetHints":{"allow":["GET"]}}],"collection":[{"href":"https:\/\/rofinor.pt\/demo\/wp-json\/wp\/v2\/pages"}],"about":[{"href":"https:\/\/rofinor.pt\/demo\/wp-json\/wp\/v2\/types\/page"}],"author":[{"embeddable":true,"href":"https:\/\/rofinor.pt\/demo\/wp-json\/wp\/v2\/users\/1"}],"replies":[{"embeddable":true,"href":"https:\/\/rofinor.pt\/demo\/wp-json\/wp\/v2\/comments?post=362"}],"version-history":[{"count":686,"href":"https:\/\/rofinor.pt\/demo\/wp-json\/wp\/v2\/pages\/362\/revisions"}],"predecessor-version":[{"id":15351,"href":"https:\/\/rofinor.pt\/demo\/wp-json\/wp\/v2\/pages\/362\/revisions\/15351"}],"wp:attachment":[{"href":"https:\/\/rofinor.pt\/demo\/wp-json\/wp\/v2\/media?parent=362"}],"curies":[{"name":"wp","href":"https:\/\/api.w.org\/{rel}","templated":true}]}}