{"id":156,"date":"2022-12-20T12:31:13","date_gmt":"2022-12-20T12:31:13","guid":{"rendered":"https:\/\/rofinor.pt\/demo\/?page_id=156"},"modified":"2024-07-03T09:00:53","modified_gmt":"2024-07-03T09:00:53","slug":"home-pt","status":"publish","type":"page","link":"https:\/\/rofinor.pt\/demo\/","title":{"rendered":"Home PT"},"content":{"rendered":"\t\t<div data-elementor-type=\"wp-page\" data-elementor-id=\"156\" class=\"elementor elementor-156\">\n\t\t\t\t<div class=\"elementor-element elementor-element-1da0295 e-con-full e-flex e-con e-parent\" data-id=\"1da0295\" data-element_type=\"container\">\n\t\t\t\t<div class=\"elementor-element elementor-element-c30c8e2 elementor-cta--skin-cover elementor-cta--valign-middle elementor-widget elementor-widget-call-to-action\" data-id=\"c30c8e2\" data-element_type=\"widget\" data-widget_type=\"call-to-action.default\">\n\t\t\t\t<div class=\"elementor-widget-container\">\n\t\t\t\t\t<div class=\"elementor-cta\">\n\t\t\t\t\t<div class=\"elementor-cta__bg-wrapper\">\n\t\t\t\t<div class=\"elementor-cta__bg elementor-bg\" style=\"background-image: url(https:\/\/rofinor.pt\/demo\/wp-content\/uploads\/2024\/04\/greigefabrics_.webp);\"><\/div>\n\t\t\t\t<div class=\"elementor-cta__bg-overlay\"><\/div>\n\t\t\t<\/div>\n\t\t\t\t\t\t\t<div class=\"elementor-cta__content\">\n\t\t\t\t\n\t\t\t\t<h1 class=\"elementor-cta__title elementor-cta__content-item elementor-content-item\">Tecidos Resistentes<br>para roupa de trabalho.<\/h1>\n\t\t\t\t\t\t\t\t\t<div class=\"elementor-cta__description elementor-cta__content-item elementor-content-item\">\n\t\t\t\t\t\tDesenvolvidos para durabilidade.\t\t\t\t\t<\/div>\n\t\t\t\t\n\t\t\t\t\t\t\t\t\t<div class=\"elementor-cta__button-wrapper elementor-cta__content-item elementor-content-item \">\n\t\t\t\t\t<a class=\"elementor-cta__button elementor-button elementor-size-md\">\n\t\t\t\t\t\tTODOS OS TECIDOS\t\t\t\t\t<\/a>\n\t\t\t\t\t<\/div>\n\t\t\t\t\t\t\t<\/div>\n\t\t\t\t\t\t<\/div>\n\t\t\t\t<\/div>\n\t\t\t\t<\/div>\n\t\t\t\t<\/div>\n\t\t<div class=\"elementor-element elementor-element-784a8e3 e-con-full e-flex e-con e-parent\" data-id=\"784a8e3\" data-element_type=\"container\">\n\t\t\t\t<div class=\"elementor-element elementor-element-69b8a38 elementor-widget__width-inherit elementor-widget elementor-widget-heading\" data-id=\"69b8a38\" data-element_type=\"widget\" data-widget_type=\"heading.default\">\n\t\t\t\t<div class=\"elementor-widget-container\">\n\t\t\t<p class=\"elementor-heading-title elementor-size-default\">Explore<\/p>\t\t<\/div>\n\t\t\t\t<\/div>\n\t\t\t\t<div class=\"elementor-element elementor-element-3e72006 elementor-widget__width-inherit elementor-widget elementor-widget-heading\" data-id=\"3e72006\" data-element_type=\"widget\" data-widget_type=\"heading.default\">\n\t\t\t\t<div class=\"elementor-widget-container\">\n\t\t\t<h2 class=\"elementor-heading-title elementor-size-default\">Os tecidos que acompanham a sua exig\u00eancia<\/h2>\t\t<\/div>\n\t\t\t\t<\/div>\n\t\t\t\t<div class=\"elementor-element elementor-element-6aa2392 elementor-cta--skin-cover elementor-cta--valign-bottom elementor-widget__width-initial elementor-widget elementor-widget-call-to-action\" data-id=\"6aa2392\" data-element_type=\"widget\" data-widget_type=\"call-to-action.default\">\n\t\t\t\t<div class=\"elementor-widget-container\">\n\t\t\t\t\t<div class=\"elementor-cta\">\n\t\t\t\t\t<div class=\"elementor-cta__bg-wrapper\">\n\t\t\t\t<div class=\"elementor-cta__bg elementor-bg\" style=\"background-image: url(https:\/\/rofinor.pt\/demo\/wp-content\/uploads\/2024\/04\/32900.webp);\"><\/div>\n\t\t\t\t<div class=\"elementor-cta__bg-overlay\"><\/div>\n\t\t\t<\/div>\n\t\t\t\t\t\t\t<div class=\"elementor-cta__content\">\n\t\t\t\t\n\t\t\t\t<span class=\"elementor-cta__title elementor-cta__content-item elementor-content-item\">Rico em Algod\u00e3o<\/span>\n\t\t\t\t\t\t\t\t\t<div class=\"elementor-cta__description elementor-cta__content-item elementor-content-item\">\n\t\t\t\t\t\tRobustez e respirabilidade\t\t\t\t\t<\/div>\n\t\t\t\t\n\t\t\t\t\t\t\t<\/div>\n\t\t\t\t\t\t<\/div>\n\t\t\t\t<\/div>\n\t\t\t\t<\/div>\n\t\t\t\t<div class=\"elementor-element elementor-element-ca44e3a elementor-cta--skin-cover elementor-cta--valign-bottom elementor-widget__width-initial elementor-widget elementor-widget-call-to-action\" data-id=\"ca44e3a\" data-element_type=\"widget\" data-widget_type=\"call-to-action.default\">\n\t\t\t\t<div class=\"elementor-widget-container\">\n\t\t\t\t\t<div class=\"elementor-cta\">\n\t\t\t\t\t<div class=\"elementor-cta__bg-wrapper\">\n\t\t\t\t<div class=\"elementor-cta__bg elementor-bg\" style=\"background-image: url(https:\/\/rofinor.pt\/demo\/wp-content\/uploads\/2024\/04\/minimate.webp);\"><\/div>\n\t\t\t\t<div class=\"elementor-cta__bg-overlay\"><\/div>\n\t\t\t<\/div>\n\t\t\t\t\t\t\t<div class=\"elementor-cta__content\">\n\t\t\t\t\n\t\t\t\t<span class=\"elementor-cta__title elementor-cta__content-item elementor-content-item\">Poli\u00e9ster<\/span>\n\t\t\t\t\t\t\t\t\t<div class=\"elementor-cta__description elementor-cta__content-item elementor-content-item\">\n\t\t\t\t\t\tTecidos pr\u00e1ticos para o dia-a-dia de trabalho\t\t\t\t\t<\/div>\n\t\t\t\t\n\t\t\t\t\t\t\t<\/div>\n\t\t\t\t\t\t<\/div>\n\t\t\t\t<\/div>\n\t\t\t\t<\/div>\n\t\t\t\t<div class=\"elementor-element elementor-element-a5894d2 elementor-cta--skin-cover elementor-cta--valign-bottom elementor-widget__width-initial elementor-widget elementor-widget-call-to-action\" data-id=\"a5894d2\" data-element_type=\"widget\" data-widget_type=\"call-to-action.default\">\n\t\t\t\t<div class=\"elementor-widget-container\">\n\t\t\t\t\t<div class=\"elementor-cta\">\n\t\t\t\t\t<div class=\"elementor-cta__bg-wrapper\">\n\t\t\t\t<div class=\"elementor-cta__bg elementor-bg\" style=\"background-image: url(https:\/\/rofinor.pt\/demo\/wp-content\/uploads\/2024\/04\/stretchfabrics_.webp);\"><\/div>\n\t\t\t\t<div class=\"elementor-cta__bg-overlay\"><\/div>\n\t\t\t<\/div>\n\t\t\t\t\t\t\t<div class=\"elementor-cta__content\">\n\t\t\t\t\n\t\t\t\t<span class=\"elementor-cta__title elementor-cta__content-item elementor-content-item\">Elastano<\/span>\n\t\t\t\t\t\t\t\t\t<div class=\"elementor-cta__description elementor-cta__content-item elementor-content-item\">\n\t\t\t\t\t\tConforto e flexibilidade\t\t\t\t\t<\/div>\n\t\t\t\t\n\t\t\t\t\t\t\t<\/div>\n\t\t\t\t\t\t<\/div>\n\t\t\t\t<\/div>\n\t\t\t\t<\/div>\n\t\t\t\t<div class=\"elementor-element elementor-element-fe40b49 elementor-cta--skin-cover elementor-cta--valign-bottom elementor-widget__width-initial elementor-widget elementor-widget-call-to-action\" data-id=\"fe40b49\" data-element_type=\"widget\" data-widget_type=\"call-to-action.default\">\n\t\t\t\t<div class=\"elementor-widget-container\">\n\t\t\t\t\t<div class=\"elementor-cta\">\n\t\t\t\t\t<div class=\"elementor-cta__bg-wrapper\">\n\t\t\t\t<div class=\"elementor-cta__bg elementor-bg\" style=\"background-image: url(https:\/\/rofinor.pt\/demo\/wp-content\/uploads\/2024\/04\/malha_.webp);\"><\/div>\n\t\t\t\t<div class=\"elementor-cta__bg-overlay\"><\/div>\n\t\t\t<\/div>\n\t\t\t\t\t\t\t<div class=\"elementor-cta__content\">\n\t\t\t\t\n\t\t\t\t<span class=\"elementor-cta__title elementor-cta__content-item elementor-content-item\">Malha<\/span>\n\t\t\t\t\t\t\t\t\t<div class=\"elementor-cta__description elementor-cta__content-item elementor-content-item\">\n\t\t\t\t\t\tSolu\u00e7\u00f5es para todas as esta\u00e7\u00f5es do ano\t\t\t\t\t<\/div>\n\t\t\t\t\n\t\t\t\t\t\t\t<\/div>\n\t\t\t\t\t\t<\/div>\n\t\t\t\t<\/div>\n\t\t\t\t<\/div>\n\t\t\t\t<div class=\"elementor-element elementor-element-0248a7f elementor-cta--skin-cover elementor-cta--valign-bottom elementor-widget__width-initial elementor-widget elementor-widget-call-to-action\" data-id=\"0248a7f\" data-element_type=\"widget\" data-widget_type=\"call-to-action.default\">\n\t\t\t\t<div class=\"elementor-widget-container\">\n\t\t\t\t\t<div class=\"elementor-cta\">\n\t\t\t\t\t<div class=\"elementor-cta__bg-wrapper\">\n\t\t\t\t<div class=\"elementor-cta__bg elementor-bg\" style=\"background-image: url(https:\/\/rofinor.pt\/demo\/wp-content\/uploads\/2024\/04\/polycotton-1.webp);\"><\/div>\n\t\t\t\t<div class=\"elementor-cta__bg-overlay\"><\/div>\n\t\t\t<\/div>\n\t\t\t\t\t\t\t<div class=\"elementor-cta__content\">\n\t\t\t\t\n\t\t\t\t<span class=\"elementor-cta__title elementor-cta__content-item elementor-content-item\">Poli\u00e9ster Algod\u00e3o<\/span>\n\t\t\t\t\t\t\t\t\t<div class=\"elementor-cta__description elementor-cta__content-item elementor-content-item\">\n\t\t\t\t\t\tManuten\u00e7\u00e3o f\u00e1cil\t\t\t\t\t<\/div>\n\t\t\t\t\n\t\t\t\t\t\t\t<\/div>\n\t\t\t\t\t\t<\/div>\n\t\t\t\t<\/div>\n\t\t\t\t<\/div>\n\t\t\t\t<div class=\"elementor-element elementor-element-fb3c203 elementor-cta--skin-cover elementor-cta--valign-bottom elementor-widget__width-initial elementor-widget elementor-widget-call-to-action\" data-id=\"fb3c203\" data-element_type=\"widget\" data-widget_type=\"call-to-action.default\">\n\t\t\t\t<div class=\"elementor-widget-container\">\n\t\t\t\t\t<div class=\"elementor-cta\">\n\t\t\t\t\t<div class=\"elementor-cta__bg-wrapper\">\n\t\t\t\t<div class=\"elementor-cta__bg elementor-bg\" style=\"background-image: url(https:\/\/rofinor.pt\/demo\/wp-content\/uploads\/2024\/04\/ganga__.webp);\"><\/div>\n\t\t\t\t<div class=\"elementor-cta__bg-overlay\"><\/div>\n\t\t\t<\/div>\n\t\t\t\t\t\t\t<div class=\"elementor-cta__content\">\n\t\t\t\t\n\t\t\t\t<span class=\"elementor-cta__title elementor-cta__content-item elementor-content-item\">Ganga<\/span>\n\t\t\t\t\t\t\t\t\t<div class=\"elementor-cta__description elementor-cta__content-item elementor-content-item\">\n\t\t\t\t\t\tResistente e f\u00e1cil de cuidar\t\t\t\t\t<\/div>\n\t\t\t\t\n\t\t\t\t\t\t\t<\/div>\n\t\t\t\t\t\t<\/div>\n\t\t\t\t<\/div>\n\t\t\t\t<\/div>\n\t\t\t\t<\/div>\n\t\t<div class=\"elementor-element elementor-element-12332bda e-con-full e-flex e-con e-parent\" data-id=\"12332bda\" data-element_type=\"container\" data-settings=\"{&quot;background_background&quot;:&quot;classic&quot;}\">\n\t\t\t\t<div class=\"elementor-element elementor-element-7b8b8a18 elementor-cta--layout-image-left elementor-cta--mobile-layout-image-above elementor-widget__width-inherit elementor-cta--skin-classic elementor-animated-content elementor-widget elementor-widget-call-to-action\" data-id=\"7b8b8a18\" data-element_type=\"widget\" data-widget_type=\"call-to-action.default\">\n\t\t\t\t<div class=\"elementor-widget-container\">\n\t\t\t\t\t<div class=\"elementor-cta\">\n\t\t\t\t\t<div class=\"elementor-cta__bg-wrapper\">\n\t\t\t\t<div class=\"elementor-cta__bg elementor-bg\" style=\"background-image: url(https:\/\/rofinor.pt\/demo\/wp-content\/uploads\/2024\/04\/quality_rofinor_fabrics.webp);\"><\/div>\n\t\t\t\t<div class=\"elementor-cta__bg-overlay\"><\/div>\n\t\t\t<\/div>\n\t\t\t\t\t\t\t<div class=\"elementor-cta__content\">\n\t\t\t\t\n\t\t\t\t<h2 class=\"elementor-cta__title elementor-cta__content-item elementor-content-item\">Proximidade e Efici\u00eancia<\/h2>\n\t\t\t\t\t\t\t\t\t<div class=\"elementor-cta__description elementor-cta__content-item elementor-content-item\">\n\t\t\t\t\t\tA nossa equipa mantem uma rela\u00e7\u00e3o pr\u00f3xima com o cliente, garantindo um servi\u00e7o eficiente.\t\t\t\t\t<\/div>\n\t\t\t\t\n\t\t\t\t\t\t\t<\/div>\n\t\t\t\t\t\t<\/div>\n\t\t\t\t<\/div>\n\t\t\t\t<\/div>\n\t\t\t\t<div class=\"elementor-element elementor-element-29b94181 elementor-cta--layout-image-right elementor-cta--mobile-layout-image-above elementor-widget__width-inherit elementor-cta--skin-classic elementor-animated-content elementor-widget elementor-widget-call-to-action\" data-id=\"29b94181\" data-element_type=\"widget\" data-widget_type=\"call-to-action.default\">\n\t\t\t\t<div class=\"elementor-widget-container\">\n\t\t\t\t\t<div class=\"elementor-cta\">\n\t\t\t\t\t<div class=\"elementor-cta__bg-wrapper\">\n\t\t\t\t<div class=\"elementor-cta__bg elementor-bg\" style=\"background-image: url(https:\/\/rofinor.pt\/demo\/wp-content\/uploads\/2024\/04\/stock_homepage.webp);\"><\/div>\n\t\t\t\t<div class=\"elementor-cta__bg-overlay\"><\/div>\n\t\t\t<\/div>\n\t\t\t\t\t\t\t<div class=\"elementor-cta__content\">\n\t\t\t\t\n\t\t\t\t<h2 class=\"elementor-cta__title elementor-cta__content-item elementor-content-item\">Stock e Envios R\u00e1pidos<\/h2>\n\t\t\t\t\t\t\t\t\t<div class=\"elementor-cta__description elementor-cta__content-item elementor-content-item\">\n\t\t\t\t\t\tCom milh\u00f5es de metros de tecido em stock, garantimos o envio r\u00e1pido da sua encomenda.\t\t\t\t\t<\/div>\n\t\t\t\t\n\t\t\t\t\t\t\t<\/div>\n\t\t\t\t\t\t<\/div>\n\t\t\t\t<\/div>\n\t\t\t\t<\/div>\n\t\t\t\t<div class=\"elementor-element elementor-element-943d4ce elementor-cta--layout-image-left elementor-cta--mobile-layout-image-above elementor-widget__width-inherit elementor-cta--skin-classic elementor-animated-content elementor-widget elementor-widget-call-to-action\" data-id=\"943d4ce\" data-element_type=\"widget\" data-widget_type=\"call-to-action.default\">\n\t\t\t\t<div class=\"elementor-widget-container\">\n\t\t\t\t\t<div class=\"elementor-cta\">\n\t\t\t\t\t<div class=\"elementor-cta__bg-wrapper\">\n\t\t\t\t<div class=\"elementor-cta__bg elementor-bg\" style=\"background-image: url(https:\/\/rofinor.pt\/demo\/wp-content\/uploads\/2024\/04\/greigefabrics_.webp);\"><\/div>\n\t\t\t\t<div class=\"elementor-cta__bg-overlay\"><\/div>\n\t\t\t<\/div>\n\t\t\t\t\t\t\t<div class=\"elementor-cta__content\">\n\t\t\t\t\n\t\t\t\t<h2 class=\"elementor-cta__title elementor-cta__content-item elementor-content-item\">Cores Especiais<\/h2>\n\t\t\t\t\t\t\t\t\t<div class=\"elementor-cta__description elementor-cta__content-item elementor-content-item\">\n\t\t\t\t\t\tSe n\u00e3o encontrar a cor perfeita, personalize* o nosso tecido cru na cor exata que procura.\n<br><br>\n*Em encomendas superiores a 500 metros.\t\t\t\t\t<\/div>\n\t\t\t\t\n\t\t\t\t\t\t\t<\/div>\n\t\t\t\t\t\t<\/div>\n\t\t\t\t<\/div>\n\t\t\t\t<\/div>\n\t\t\t\t<\/div>\n\t\t<div class=\"elementor-element elementor-element-0ca7c98 e-flex e-con-boxed e-con e-parent\" data-id=\"0ca7c98\" data-element_type=\"container\" data-settings=\"{&quot;background_background&quot;:&quot;classic&quot;}\">\n\t\t\t\t\t<div class=\"e-con-inner\">\n\t\t\t\t<div class=\"elementor-element elementor-element-d36f72a elementor-widget elementor-widget-heading\" data-id=\"d36f72a\" data-element_type=\"widget\" data-widget_type=\"heading.default\">\n\t\t\t\t<div class=\"elementor-widget-container\">\n\t\t\t<h4 class=\"elementor-heading-title elementor-size-default\">VAMOS FALAR SOBRE TECIDOS!<\/h4>\t\t<\/div>\n\t\t\t\t<\/div>\n\t\t\t\t<div class=\"elementor-element elementor-element-72ef9ec elementor-align-center elementor-widget elementor-widget-button\" data-id=\"72ef9ec\" data-element_type=\"widget\" data-widget_type=\"button.default\">\n\t\t\t\t<div class=\"elementor-widget-container\">\n\t\t\t\t\t\t\t<div class=\"elementor-button-wrapper\">\n\t\t\t\t\t<a class=\"elementor-button elementor-button-link elementor-size-sm elementor-animation-shrink\" href=\"#\">\n\t\t\t\t\t\t<span class=\"elementor-button-content-wrapper\">\n\t\t\t\t\t\t\t\t\t<span class=\"elementor-button-text\">CONTACTE-NOS \u27f6<\/span>\n\t\t\t\t\t<\/span>\n\t\t\t\t\t<\/a>\n\t\t\t\t<\/div>\n\t\t\t\t\t\t<\/div>\n\t\t\t\t<\/div>\n\t\t\t\t\t<\/div>\n\t\t\t\t<\/div>\n\t\t\t\t<\/div>\n\t\t","protected":false},"excerpt":{"rendered":"<p>Tecidos Resistentespara roupa de trabalho. Desenvolvidos para durabilidade. TODOS OS TECIDOS Explore Os tecidos que acompanham a sua exig\u00eancia Rico em Algod\u00e3o Robustez e respirabilidade Poli\u00e9ster Tecidos pr\u00e1ticos para o dia-a-dia de trabalho Elastano Conforto e flexibilidade Malha Solu\u00e7\u00f5es para todas as esta\u00e7\u00f5es do ano Poli\u00e9ster Algod\u00e3o Manuten\u00e7\u00e3o f\u00e1cil Ganga Resistente e f\u00e1cil de cuidar [&hellip;]<\/p>\n","protected":false},"author":1,"featured_media":0,"parent":0,"menu_order":0,"comment_status":"closed","ping_status":"closed","template":"","meta":{"_acf_changed":false,"footnotes":""},"class_list":["post-156","page","type-page","status-publish","hentry"],"acf":[],"yoast_head":"<!-- This site is optimized with the Yoast SEO plugin v24.0 - https:\/\/yoast.com\/wordpress\/plugins\/seo\/ -->\n<title>Rofinor T\u00eaxteis - Tecidos resistentes para Workwear<\/title>\n<meta name=\"description\" content=\"Tecidos resistentes para roupa de trabalho. Encomende em qualquer quantidade. Expedi\u00e7\u00f5es r\u00e1pidas.\" \/>\n<meta name=\"robots\" content=\"index, follow, max-snippet:-1, max-image-preview:large, max-video-preview:-1\" \/>\n<link rel=\"canonical\" href=\"https:\/\/rofinor.pt\/demo\/\" \/>\n<meta property=\"og:locale\" content=\"pt_PT\" \/>\n<meta property=\"og:type\" content=\"article\" \/>\n<meta property=\"og:title\" content=\"Rofinor T\u00eaxteis - Tecidos resistentes para Workwear\" \/>\n<meta property=\"og:description\" content=\"Tecidos resistentes para roupa de trabalho. Encomende em qualquer quantidade. Expedi\u00e7\u00f5es r\u00e1pidas.\" \/>\n<meta property=\"og:url\" content=\"https:\/\/rofinor.pt\/demo\/\" \/>\n<meta property=\"og:site_name\" content=\"Rofinor\" \/>\n<meta property=\"article:modified_time\" content=\"2024-07-03T09:00:53+00:00\" \/>\n<meta name=\"twitter:card\" content=\"summary_large_image\" \/>\n<meta name=\"twitter:label1\" content=\"Tempo estimado de leitura\" \/>\n\t<meta name=\"twitter:data1\" content=\"1 minuto\" \/>\n<script type=\"application\/ld+json\" class=\"yoast-schema-graph\">{\"@context\":\"https:\/\/schema.org\",\"@graph\":[{\"@type\":\"WebPage\",\"@id\":\"https:\/\/rofinor.pt\/demo\/\",\"url\":\"https:\/\/rofinor.pt\/demo\/\",\"name\":\"Rofinor T\u00eaxteis - Tecidos resistentes para Workwear\",\"isPartOf\":{\"@id\":\"https:\/\/rofinor.pt\/demo\/#website\"},\"datePublished\":\"2022-12-20T12:31:13+00:00\",\"dateModified\":\"2024-07-03T09:00:53+00:00\",\"description\":\"Tecidos resistentes para roupa de trabalho. Encomende em qualquer quantidade. Expedi\u00e7\u00f5es r\u00e1pidas.\",\"breadcrumb\":{\"@id\":\"https:\/\/rofinor.pt\/demo\/#breadcrumb\"},\"inLanguage\":\"pt-PT\",\"potentialAction\":[{\"@type\":\"ReadAction\",\"target\":[\"https:\/\/rofinor.pt\/demo\/\"]}]},{\"@type\":\"BreadcrumbList\",\"@id\":\"https:\/\/rofinor.pt\/demo\/#breadcrumb\",\"itemListElement\":[{\"@type\":\"ListItem\",\"position\":1,\"name\":\"In\u00edcio\",\"item\":\"https:\/\/rofinor.pt\/demo\/\"},{\"@type\":\"ListItem\",\"position\":2,\"name\":\"Home PT\"}]},{\"@type\":\"WebSite\",\"@id\":\"https:\/\/rofinor.pt\/demo\/#website\",\"url\":\"https:\/\/rofinor.pt\/demo\/\",\"name\":\"Rofinor\",\"description\":\"Tecidos para Workwear\",\"publisher\":{\"@id\":\"https:\/\/rofinor.pt\/demo\/#organization\"},\"potentialAction\":[{\"@type\":\"SearchAction\",\"target\":{\"@type\":\"EntryPoint\",\"urlTemplate\":\"https:\/\/rofinor.pt\/demo\/?s={search_term_string}\"},\"query-input\":{\"@type\":\"PropertyValueSpecification\",\"valueRequired\":true,\"valueName\":\"search_term_string\"}}],\"inLanguage\":\"pt-PT\"},{\"@type\":\"Organization\",\"@id\":\"https:\/\/rofinor.pt\/demo\/#organization\",\"name\":\"Rofinor\",\"url\":\"https:\/\/rofinor.pt\/demo\/\",\"logo\":{\"@type\":\"ImageObject\",\"inLanguage\":\"pt-PT\",\"@id\":\"https:\/\/rofinor.pt\/demo\/#\/schema\/logo\/image\/\",\"url\":\"https:\/\/rofinor.pt\/demo\/wp-content\/uploads\/2024\/04\/logo_rofinor_228x48_.webp\",\"contentUrl\":\"https:\/\/rofinor.pt\/demo\/wp-content\/uploads\/2024\/04\/logo_rofinor_228x48_.webp\",\"width\":228,\"height\":48,\"caption\":\"Rofinor\"},\"image\":{\"@id\":\"https:\/\/rofinor.pt\/demo\/#\/schema\/logo\/image\/\"}}]}<\/script>\n<!-- \/ Yoast SEO plugin. -->","yoast_head_json":{"title":"Rofinor T\u00eaxteis - Tecidos resistentes para Workwear","description":"Tecidos resistentes para roupa de trabalho. Encomende em qualquer quantidade. Expedi\u00e7\u00f5es r\u00e1pidas.","robots":{"index":"index","follow":"follow","max-snippet":"max-snippet:-1","max-image-preview":"max-image-preview:large","max-video-preview":"max-video-preview:-1"},"canonical":"https:\/\/rofinor.pt\/demo\/","og_locale":"pt_PT","og_type":"article","og_title":"Rofinor T\u00eaxteis - Tecidos resistentes para Workwear","og_description":"Tecidos resistentes para roupa de trabalho. Encomende em qualquer quantidade. Expedi\u00e7\u00f5es r\u00e1pidas.","og_url":"https:\/\/rofinor.pt\/demo\/","og_site_name":"Rofinor","article_modified_time":"2024-07-03T09:00:53+00:00","twitter_card":"summary_large_image","twitter_misc":{"Tempo estimado de leitura":"1 minuto"},"schema":{"@context":"https:\/\/schema.org","@graph":[{"@type":"WebPage","@id":"https:\/\/rofinor.pt\/demo\/","url":"https:\/\/rofinor.pt\/demo\/","name":"Rofinor T\u00eaxteis - Tecidos resistentes para Workwear","isPartOf":{"@id":"https:\/\/rofinor.pt\/demo\/#website"},"datePublished":"2022-12-20T12:31:13+00:00","dateModified":"2024-07-03T09:00:53+00:00","description":"Tecidos resistentes para roupa de trabalho. Encomende em qualquer quantidade. Expedi\u00e7\u00f5es r\u00e1pidas.","breadcrumb":{"@id":"https:\/\/rofinor.pt\/demo\/#breadcrumb"},"inLanguage":"pt-PT","potentialAction":[{"@type":"ReadAction","target":["https:\/\/rofinor.pt\/demo\/"]}]},{"@type":"BreadcrumbList","@id":"https:\/\/rofinor.pt\/demo\/#breadcrumb","itemListElement":[{"@type":"ListItem","position":1,"name":"In\u00edcio","item":"https:\/\/rofinor.pt\/demo\/"},{"@type":"ListItem","position":2,"name":"Home PT"}]},{"@type":"WebSite","@id":"https:\/\/rofinor.pt\/demo\/#website","url":"https:\/\/rofinor.pt\/demo\/","name":"Rofinor","description":"Tecidos para Workwear","publisher":{"@id":"https:\/\/rofinor.pt\/demo\/#organization"},"potentialAction":[{"@type":"SearchAction","target":{"@type":"EntryPoint","urlTemplate":"https:\/\/rofinor.pt\/demo\/?s={search_term_string}"},"query-input":{"@type":"PropertyValueSpecification","valueRequired":true,"valueName":"search_term_string"}}],"inLanguage":"pt-PT"},{"@type":"Organization","@id":"https:\/\/rofinor.pt\/demo\/#organization","name":"Rofinor","url":"https:\/\/rofinor.pt\/demo\/","logo":{"@type":"ImageObject","inLanguage":"pt-PT","@id":"https:\/\/rofinor.pt\/demo\/#\/schema\/logo\/image\/","url":"https:\/\/rofinor.pt\/demo\/wp-content\/uploads\/2024\/04\/logo_rofinor_228x48_.webp","contentUrl":"https:\/\/rofinor.pt\/demo\/wp-content\/uploads\/2024\/04\/logo_rofinor_228x48_.webp","width":228,"height":48,"caption":"Rofinor"},"image":{"@id":"https:\/\/rofinor.pt\/demo\/#\/schema\/logo\/image\/"}}]}},"_links":{"self":[{"href":"https:\/\/rofinor.pt\/demo\/wp-json\/wp\/v2\/pages\/156","targetHints":{"allow":["GET"]}}],"collection":[{"href":"https:\/\/rofinor.pt\/demo\/wp-json\/wp\/v2\/pages"}],"about":[{"href":"https:\/\/rofinor.pt\/demo\/wp-json\/wp\/v2\/types\/page"}],"author":[{"embeddable":true,"href":"https:\/\/rofinor.pt\/demo\/wp-json\/wp\/v2\/users\/1"}],"replies":[{"embeddable":true,"href":"https:\/\/rofinor.pt\/demo\/wp-json\/wp\/v2\/comments?post=156"}],"version-history":[{"count":1910,"href":"https:\/\/rofinor.pt\/demo\/wp-json\/wp\/v2\/pages\/156\/revisions"}],"predecessor-version":[{"id":15239,"href":"https:\/\/rofinor.pt\/demo\/wp-json\/wp\/v2\/pages\/156\/revisions\/15239"}],"wp:attachment":[{"href":"https:\/\/rofinor.pt\/demo\/wp-json\/wp\/v2\/media?parent=156"}],"curies":[{"name":"wp","href":"https:\/\/api.w.org\/{rel}","templated":true}]}}